{"id":403,"date":"2025-09-01T15:21:54","date_gmt":"2025-09-01T13:21:54","guid":{"rendered":"https:\/\/procoachfootball.com\/password-reset\/"},"modified":"2025-09-01T15:21:54","modified_gmt":"2025-09-01T13:21:54","slug":"password-reset","status":"publish","type":"page","link":"https:\/\/procoachfootball.com\/pl\/password-reset\/","title":{"rendered":"Password Reset"},"content":{"rendered":"<form id=\"pms_recover_password_form\" class=\"pms-form\"  method=\"post\" action=\"\" data-trp-original-action=\"\">\n\n    <input type=\"hidden\" id=\"pmstkn\" name=\"pmstkn\" value=\"760eaeb2fa\" \/><input type=\"hidden\" name=\"_wp_http_referer\" value=\"\/pl\/wp-json\/wp\/v2\/pages\/403\" \/>\n    <p>Wpisz nazw\u0119 u\u017cytkownika lub adres email.<br \/>Otrzymasz wiadomo\u015b\u0107 email z instrukcj\u0105 jak utworzy\u0107 nowe has\u0142o<\/p>\n    <ul class=\"pms-form-fields-wrapper\">\n\n        \n                <li class=\"pms-field\">\n            <label for=\"pms_username_email\">Nazwa u\u017cytkownika lub adres e-mail<\/label>\n            <input id=\"pms_username_email\" name=\"pms_username_email\" type=\"text\" value=\"\" \/>\n\n                    <\/li>\n\n        \n    <\/ul>\n\n    <div id=\"pms-recaptcha-recover_password-wrapper\" class=\"pms-field\"><div id=\"pms-recaptcha-recover_password\" class=\"pms-recaptcha g-recaptcha\" data-sitekey=\"6Lf_OcIrAAAAAEX6qutjqwmMokHfeYETSSL5SkeV\" data-theme=\"light\" data-size=\"normal\"><\/div><\/div>\n    <input type=\"submit\" name=\"wp-submit\" value=\"Reset has\u0142a\"\/>\n\n<input type=\"hidden\" name=\"trp-form-language\" value=\"pl\"\/><\/form>","protected":false},"excerpt":{"rendered":"","protected":false},"author":1,"featured_media":0,"parent":0,"menu_order":0,"comment_status":"closed","ping_status":"closed","template":"","meta":{"site-sidebar-layout":"default","site-content-layout":"","ast-site-content-layout":"default","site-content-style":"default","site-sidebar-style":"default","ast-global-header-display":"","ast-banner-title-visibility":"","ast-main-header-display":"","ast-hfb-above-header-display":"","ast-hfb-below-header-display":"","ast-hfb-mobile-header-display":"","site-post-title":"","ast-breadcrumbs-content":"","ast-featured-img":"","footer-sml-layout":"","theme-transparent-header-meta":"","adv-header-id-meta":"","stick-header-meta":"","header-above-stick-meta":"","header-main-stick-meta":"","header-below-stick-meta":"","astra-migrate-meta-layouts":"default","ast-page-background-enabled":"default","ast-page-background-meta":{"desktop":{"background-color":"var(--ast-global-color-5)","background-image":"","background-repeat":"repeat","background-position":"center center","background-size":"auto","background-attachment":"scroll","background-type":"","background-media":"","overlay-type":"","overlay-color":"","overlay-opacity":"","overlay-gradient":""},"tablet":{"background-color":"","background-image":"","background-repeat":"repeat","background-position":"center center","background-size":"auto","background-attachment":"scroll","background-type":"","background-media":"","overlay-type":"","overlay-color":"","overlay-opacity":"","overlay-gradient":""},"mobile":{"background-color":"","background-image":"","background-repeat":"repeat","background-position":"center center","background-size":"auto","background-attachment":"scroll","background-type":"","background-media":"","overlay-type":"","overlay-color":"","overlay-opacity":"","overlay-gradient":""}},"ast-content-background-meta":{"desktop":{"background-color":"var(--ast-global-color-4)","background-image":"","background-repeat":"repeat","background-position":"center center","background-size":"auto","background-attachment":"scroll","background-type":"","background-media":"","overlay-type":"","overlay-color":"","overlay-opacity":"","overlay-gradient":""},"tablet":{"background-color":"var(--ast-global-color-4)","background-image":"","background-repeat":"repeat","background-position":"center center","background-size":"auto","background-attachment":"scroll","background-type":"","background-media":"","overlay-type":"","overlay-color":"","overlay-opacity":"","overlay-gradient":""},"mobile":{"background-color":"var(--ast-global-color-4)","background-image":"","background-repeat":"repeat","background-position":"center center","background-size":"auto","background-attachment":"scroll","background-type":"","background-media":"","overlay-type":"","overlay-color":"","overlay-opacity":"","overlay-gradient":""}},"footnotes":""},"class_list":["post-403","page","type-page","status-publish","hentry"],"jetpack_sharing_enabled":true,"_links":{"self":[{"href":"https:\/\/procoachfootball.com\/pl\/wp-json\/wp\/v2\/pages\/403","targetHints":{"allow":["GET"]}}],"collection":[{"href":"https:\/\/procoachfootball.com\/pl\/wp-json\/wp\/v2\/pages"}],"about":[{"href":"https:\/\/procoachfootball.com\/pl\/wp-json\/wp\/v2\/types\/page"}],"author":[{"embeddable":true,"href":"https:\/\/procoachfootball.com\/pl\/wp-json\/wp\/v2\/users\/1"}],"replies":[{"embeddable":true,"href":"https:\/\/procoachfootball.com\/pl\/wp-json\/wp\/v2\/comments?post=403"}],"version-history":[{"count":0,"href":"https:\/\/procoachfootball.com\/pl\/wp-json\/wp\/v2\/pages\/403\/revisions"}],"wp:attachment":[{"href":"https:\/\/procoachfootball.com\/pl\/wp-json\/wp\/v2\/media?parent=403"}],"curies":[{"name":"wp","href":"https:\/\/api.w.org\/{rel}","templated":true}]}}