{"id":400,"date":"2025-09-01T15:21:54","date_gmt":"2025-09-01T13:21:54","guid":{"rendered":"https:\/\/procoachfootball.com\/register\/"},"modified":"2025-09-01T15:21:54","modified_gmt":"2025-09-01T13:21:54","slug":"register","status":"publish","type":"page","link":"https:\/\/procoachfootball.com\/pl\/register\/","title":{"rendered":"Register"},"content":{"rendered":"<form id=\"pms_register-form\" class=\"pms-form\" method=\"POST\" action=\"\">\n\n    \n    <input type=\"hidden\" id=\"pmstkn\" name=\"pmstkn\" value=\"c326af5b51\" \/><input type=\"hidden\" name=\"_wp_http_referer\" value=\"\/pl\/wp-json\/wp\/v2\/pages\/400\" \/>\n    <ul class=\"pms-form-fields-wrapper\">\n\n        \n        \n        <div class=\"pms-account-section-wrapper\">\n            \n                        <li class=\"pms-field pms-user-login-field\">\n                <label for=\"pms_user_login\">Nazwa U\u017cytkownika*<\/label>\n                <input id=\"pms_user_login\" name=\"user_login\" type=\"text\" value=\"\" \/>\n\n                            <\/li>\n\n                        <li class=\"pms-field pms-user-email-field\">\n                <label for=\"pms_user_email\">Adres E-mail*<\/label>\n                <input id=\"pms_user_email\" name=\"user_email\" type=\"text\" value=\"\" \/>\n\n                            <\/li>\n\n                        <li class=\"pms-field pms-first-name-field\">\n                <label for=\"pms_first_name\">Imi\u0119<\/label>\n                <input id=\"pms_first_name\" name=\"first_name\" type=\"text\" value=\"\" \/>\n\n                            <\/li>\n\n                        <li class=\"pms-field pms-last-name-field\">\n                <label for=\"pms_last_name\">Nazwisko<\/label>\n                <input id=\"pms_last_name\" name=\"last_name\" type=\"text\" value=\"\" \/>\n\n                            <\/li>\n\n                        <li class=\"pms-field pms-pass1-field\">\n                <label for=\"pms_pass1\">Has\u0142o*<\/label>\n                <input id=\"pms_pass1\" name=\"pass1\" type=\"password\" \/>\n\n                \n                            <\/li>\n\n                        <li class=\"pms-field pms-pass2-field\">\n                <label for=\"pms_pass2\">Powt\u00f3rz has\u0142o*<\/label>\n                <input id=\"pms_pass2\" name=\"pass2\" type=\"password\" \/>\n\n                            <\/li>\n\n                <li style=\"list-style-type: none;\" class=\"pms-field pms-gdpr-field\">\n        <label for=\"pms_user_consent\">\n            <input id=\"pms_user_consent\" name=\"user_consent\" type=\"checkbox\" value=\"1\">\n\n            <span class=\"pms-gdpr-field-text\">\n            Zezwalam niniejszej stronie na przetwarzanie danych, kt\u00f3re prze\u015bl\u0119 za pomoc\u0105 tego formularza. *            <\/span>\n        <\/label>\n            <\/li>\n            <\/div>\n\n        \n        <li class=\"pms-field pms-field-subscriptions\"><div class=\"pms-subscription-plan pms-subscription-plan-417\"><label><input type=\"radio\" name=\"subscription_plans\" data-price=\"30\" data-duration=\"6\" data-fixed_membership=\"\" data-allow_renew=\"\" data-sign_up_fee=\"0\" data-trial=\"0\" data-recurring=\"1\"  value=\"417\"  checked='checked'data-default-selected=\"true\" \/><span class=\"pms-subscription-plan-name\">Plan 6-miesi\u0119czny<\/span><span class=\"pms-subscription-plan-price\"><span class=\"pms-divider\"> - <\/span><span class=\"pms-subscription-plan-price-value\">30<\/span><span class=\"pms-subscription-plan-currency\">&#8364;<\/span><span class=\"pms-divider pms-duration-divider\"> \/ <\/span><span class=\"pms-subscription-plan-duration\">6 Miesi\u0105c<\/span><\/span><span class=\"pms-subscription-plan-trial\"><\/span><span class=\"pms-subscription-plan-sign-up-fee\"><\/span><\/label><div class=\"pms-subscription-plan-description\">\u2705 Pe\u0142ny dost\u0119p do kompletnej bazy \u0107wicze\u0144\n\u2705 Idealny dla zawodnik\u00f3w powa\u017cnie podchodz\u0105cych do swojego rozwoju pi\u0142karskiego\n\u2705 D\u0142ugoterminowa motywacja i progres\n\u2705 Najlepszy stosunek ceny do jako\u015bci (najwi\u0119ksze oszcz\u0119dno\u015bci)<\/div><\/div><div class=\"pms-subscription-plan pms-subscription-plan-416\"><label><input type=\"radio\" name=\"subscription_plans\" data-price=\"15\" data-duration=\"3\" data-fixed_membership=\"\" data-allow_renew=\"\" data-sign_up_fee=\"0\" data-trial=\"0\" data-recurring=\"1\"  value=\"416\" data-default-checked=\"false\" \/><span class=\"pms-subscription-plan-name\">Plan 3-miesi\u0119czny<\/span><span class=\"pms-subscription-plan-price\"><span class=\"pms-divider\"> - <\/span><span class=\"pms-subscription-plan-price-value\">15<\/span><span class=\"pms-subscription-plan-currency\">&#8364;<\/span><span class=\"pms-divider pms-duration-divider\"> \/ <\/span><span class=\"pms-subscription-plan-duration\">3 Miesi\u0105c<\/span><\/span><span class=\"pms-subscription-plan-trial\"><\/span><span class=\"pms-subscription-plan-sign-up-fee\"><\/span><\/label><div class=\"pms-subscription-plan-description\"> \u2705 Pe\u0142ny dost\u0119p do kompletnej bazy \u0107wicze\u0144\n\u2705 Bardziej op\u0142acalny ni\u017c miesi\u0119czna subskrypcja (zawiera rabat)\n\u2705 Pomaga utrzyma\u0107 motywacj\u0119 i regularno\u015b\u0107 trening\u00f3w\n\u2705 \u015awietne po\u0142\u0105czenie ceny i elastyczno\u015bci<\/div><\/div><div class=\"pms-subscription-plan pms-subscription-plan-409\"><label><input type=\"radio\" name=\"subscription_plans\" data-price=\"5\" data-duration=\"1\" data-fixed_membership=\"\" data-allow_renew=\"\" data-sign_up_fee=\"0\" data-trial=\"0\" data-recurring=\"1\"  value=\"409\" data-default-checked=\"false\" \/><span class=\"pms-subscription-plan-name\">Plan miesi\u0119czny<\/span><span class=\"pms-subscription-plan-price\"><span class=\"pms-divider\"> - <\/span><span class=\"pms-subscription-plan-price-value\">5<\/span><span class=\"pms-subscription-plan-currency\">&#8364;<\/span><span class=\"pms-divider pms-duration-divider\"> \/ <\/span><span class=\"pms-subscription-plan-duration\">1 Miesi\u0105c<\/span><\/span><span class=\"pms-subscription-plan-trial\"><\/span><span class=\"pms-subscription-plan-sign-up-fee\"><\/span><\/label><div class=\"pms-subscription-plan-description\">\u2705 Pe\u0142ny dost\u0119p do kompletnej bazy \u0107wicze\u0144\n\u2705 Niski koszt wej\u015bcia \u2013 zacznij od razu, bez du\u017cych zobowi\u0105za\u0144\n\u2705 Elastyczno\u015b\u0107 \u2013 mo\u017cesz anulowa\u0107 w ka\u017cdej chwili\n\u2705 Idealny, aby przetestowa\u0107 baz\u0119 treningow\u0105 i sprawdzi\u0107, czy spe\u0142nia Twoje oczekiwania<\/div><\/div><div class=\"pms-subscription-plan-auto-renew\"><label><input name=\"pms_recurring\" type=\"checkbox\" value=\"1\"  \/>Automatycznie przed\u0142u\u017c subskrypcj\u0119<\/label><\/div><input type=\"hidden\" name=\"pms_default_recurring\" value=\"1\" \/><\/li>\n    <\/ul>\n\n    <span id=\"pms-submit-button-loading-placeholder-text\" style=\"display: none;\">Przetwarzanie. Prosz\u0119 czeka\u0107 ...<\/span><div class=\"pms-paygates-holder\"><div id=\"pms-paygates-wrapper\"><h3>Wybierz metod\u0119 p\u0142atno\u015bci<\/h3><div id=\"pms-paygates-inner\"><label><input type=\"radio\" class=\"pms_pay_gate\" name=\"pay_gate\" value=\"paypal_connect\"  checked='checked'data-sign_up_fee=\"1\" data-trial=\"1\" data-recurring=\"1\"  data-type=\"extra_fields\" \/><span class=\"pms-paygate-name\">PayPal<\/span><\/label><label><input type=\"radio\" class=\"pms_pay_gate\" name=\"pay_gate\" value=\"stripe_connect\" data-sign_up_fee=\"1\" data-trial=\"1\" data-recurring=\"1\"  data-type=\"extra_fields\" \/><span class=\"pms-paygate-name\">Karta kredytowa\/debetowa<\/span><\/label><\/div><div id=\"pms-gateways-not-available\"><span>No payment methods are available for the selected subscription plan.<\/span><\/div><\/div><ul id=\"pms-stripe-connect\" class=\"pms-field-section pms-paygate-extra-fields pms-paygate-extra-fields-stripe_connect\"><li class=\"pms-field pms-field-type-heading\"><h3>Payment Details<\/h3><\/li><div class=\"pms-spinner__holder\"><div class=\"pms-spinner\"><\/div><\/div><div id=\"pms-stripe-payment-elements\" style=\"display:none\"><\/div><\/ul><ul id=\"pms-paypal-connect\" class=\"pms-field-section pms-paygate-extra-fields pms-paygate-extra-fields-paypal_connect\"><div class=\"pms-spinner__holder\"><div class=\"pms-spinner\"><\/div><\/div><div id=\"pms-paygate-extra-fields-paypal_connect__placeholder\"><\/div><\/ul><\/div><input type=\"hidden\" id=\"pms-process-checkout-nonce\" name=\"pms_process_checkout_nonce\" value=\"5c63361921\"\/><input type=\"hidden\" id=\"stripe-pk\" value=\"pk_live_51S2XjfAHPGbo1laJNbpzC1fy15wYBcYcsHSDzE3L9bhbKMhxihAIZEzVmjyoFamI7tLL2r6p6Yrtcquef9tyIYjs006KDoHHK7\" \/><input type=\"hidden\" name=\"pms_stripe_connect_payment_intent\" value=\"\"\/><input type=\"hidden\" name=\"pms_stripe_connect_setup_intent\" value=\"\"\/><input type=\"hidden\" id=\"pms-stripe-ajax-update-payment-intent-nonce\" name=\"stripe_ajax_update_payment_intent_nonce\" value=\"869a4d0f15\"\/><div id=\"pms-recaptcha-register-wrapper\" class=\"pms-field\"><div id=\"pms-recaptcha-register\" class=\"pms-recaptcha g-recaptcha\" data-sitekey=\"6Lf_OcIrAAAAAEX6qutjqwmMokHfeYETSSL5SkeV\" data-theme=\"light\" data-size=\"normal\"><\/div><\/div>\n            <input class=\"pms-form-submit\" name=\"pms_register\" type=\"submit\" value=\"Zarejestruj si\u0119\" \/>\n    \n<input type=\"hidden\" name=\"trp-form-language\" value=\"pl\"\/><\/form>","protected":false},"excerpt":{"rendered":"","protected":false},"author":1,"featured_media":0,"parent":0,"menu_order":0,"comment_status":"closed","ping_status":"closed","template":"","meta":{"site-sidebar-layout":"default","site-content-layout":"","ast-site-content-layout":"default","site-content-style":"default","site-sidebar-style":"default","ast-global-header-display":"","ast-banner-title-visibility":"","ast-main-header-display":"","ast-hfb-above-header-display":"","ast-hfb-below-header-display":"","ast-hfb-mobile-header-display":"","site-post-title":"","ast-breadcrumbs-content":"","ast-featured-img":"","footer-sml-layout":"","theme-transparent-header-meta":"","adv-header-id-meta":"","stick-header-meta":"","header-above-stick-meta":"","header-main-stick-meta":"","header-below-stick-meta":"","astra-migrate-meta-layouts":"default","ast-page-background-enabled":"default","ast-page-background-meta":{"desktop":{"background-color":"var(--ast-global-color-5)","background-image":"","background-repeat":"repeat","background-position":"center center","background-size":"auto","background-attachment":"scroll","background-type":"","background-media":"","overlay-type":"","overlay-color":"","overlay-opacity":"","overlay-gradient":""},"tablet":{"background-color":"","background-image":"","background-repeat":"repeat","background-position":"center center","background-size":"auto","background-attachment":"scroll","background-type":"","background-media":"","overlay-type":"","overlay-color":"","overlay-opacity":"","overlay-gradient":""},"mobile":{"background-color":"","background-image":"","background-repeat":"repeat","background-position":"center center","background-size":"auto","background-attachment":"scroll","background-type":"","background-media":"","overlay-type":"","overlay-color":"","overlay-opacity":"","overlay-gradient":""}},"ast-content-background-meta":{"desktop":{"background-color":"var(--ast-global-color-4)","background-image":"","background-repeat":"repeat","background-position":"center center","background-size":"auto","background-attachment":"scroll","background-type":"","background-media":"","overlay-type":"","overlay-color":"","overlay-opacity":"","overlay-gradient":""},"tablet":{"background-color":"var(--ast-global-color-4)","background-image":"","background-repeat":"repeat","background-position":"center center","background-size":"auto","background-attachment":"scroll","background-type":"","background-media":"","overlay-type":"","overlay-color":"","overlay-opacity":"","overlay-gradient":""},"mobile":{"background-color":"var(--ast-global-color-4)","background-image":"","background-repeat":"repeat","background-position":"center center","background-size":"auto","background-attachment":"scroll","background-type":"","background-media":"","overlay-type":"","overlay-color":"","overlay-opacity":"","overlay-gradient":""}},"footnotes":""},"class_list":["post-400","page","type-page","status-publish","hentry"],"jetpack_sharing_enabled":true,"_links":{"self":[{"href":"https:\/\/procoachfootball.com\/pl\/wp-json\/wp\/v2\/pages\/400","targetHints":{"allow":["GET"]}}],"collection":[{"href":"https:\/\/procoachfootball.com\/pl\/wp-json\/wp\/v2\/pages"}],"about":[{"href":"https:\/\/procoachfootball.com\/pl\/wp-json\/wp\/v2\/types\/page"}],"author":[{"embeddable":true,"href":"https:\/\/procoachfootball.com\/pl\/wp-json\/wp\/v2\/users\/1"}],"replies":[{"embeddable":true,"href":"https:\/\/procoachfootball.com\/pl\/wp-json\/wp\/v2\/comments?post=400"}],"version-history":[{"count":0,"href":"https:\/\/procoachfootball.com\/pl\/wp-json\/wp\/v2\/pages\/400\/revisions"}],"wp:attachment":[{"href":"https:\/\/procoachfootball.com\/pl\/wp-json\/wp\/v2\/media?parent=400"}],"curies":[{"name":"wp","href":"https:\/\/api.w.org\/{rel}","templated":true}]}}